{"id":5107,"date":"2025-10-23T13:48:56","date_gmt":"2025-10-23T16:48:56","guid":{"rendered":"https:\/\/trescon.com.br\/politica-de-cookies\/"},"modified":"2026-04-15T17:19:50","modified_gmt":"2026-04-15T20:19:50","slug":"politica-de-cookies","status":"publish","type":"page","link":"https:\/\/trescon.com.br\/es\/politica-de-cookies\/","title":{"rendered":"Pol\u00edtica de cookies"},"content":{"rendered":"\t\t<div data-elementor-type=\"wp-page\" data-elementor-id=\"5107\" class=\"elementor elementor-5107 elementor-4238\" data-elementor-post-type=\"page\">\n\t\t\t\t<div class=\"has_eae_slider elementor-element elementor-element-01f8d1f e-flex e-con-boxed jltma-glass-effect-no wpr-particle-no wpr-jarallax-no wpr-parallax-no wpr-sticky-section-no wpr-equal-height-no e-con e-parent\" data-eae-slider=\"42454\" data-id=\"01f8d1f\" data-element_type=\"container\" data-e-type=\"container\" data-settings=\"{&quot;background_background&quot;:&quot;classic&quot;}\">\n\t\t\t\t\t<div class=\"e-con-inner\">\n\t\t\t\t\t<\/div>\n\t\t\t\t<\/div>\n\t\t<div class=\"has_eae_slider elementor-element elementor-element-36b92a0 e-flex e-con-boxed jltma-glass-effect-no wpr-particle-no wpr-jarallax-no wpr-parallax-no wpr-sticky-section-no wpr-equal-height-no e-con e-parent\" data-eae-slider=\"50283\" data-id=\"36b92a0\" data-element_type=\"container\" data-e-type=\"container\">\n\t\t\t\t\t<div class=\"e-con-inner\">\n\t\t\t\t<div class=\"elementor-element elementor-element-7c67e70 jltma-glass-effect-no elementor-widget elementor-widget-heading\" data-id=\"7c67e70\" data-element_type=\"widget\" data-e-type=\"widget\" data-widget_type=\"heading.default\">\n\t\t\t\t<div class=\"elementor-widget-container\">\n\t\t\t\t\t<h2 class=\"elementor-heading-title elementor-size-default\">Pol\u00edtica de cookies<\/h2>\t\t\t\t<\/div>\n\t\t\t\t<\/div>\n\t\t\t\t<div class=\"elementor-element elementor-element-b90bf2e jltma-glass-effect-no elementor-widget elementor-widget-text-editor\" data-id=\"b90bf2e\" data-element_type=\"widget\" data-e-type=\"widget\" data-widget_type=\"text-editor.default\">\n\t\t\t\t<div class=\"elementor-widget-container\">\n\t\t\t\t\t\t\t\t\t<p>Al utilizar el <em>sitio web<\/em> de 3CON, tenga en cuenta que se pueden instalar <em>cookies<\/em> y otras tecnolog\u00edas similares en sus equipos, incluidos los dispositivos m\u00f3viles, de acuerdo con su consentimiento al gestor de consentimiento <em>de cookies<\/em> de 3CON.<\/p>\t\t\t\t\t\t\t\t<\/div>\n\t\t\t\t<\/div>\n\t\t\t\t<div class=\"elementor-element elementor-element-0709d79 jltma-glass-effect-no elementor-widget elementor-widget-heading\" data-id=\"0709d79\" data-element_type=\"widget\" data-e-type=\"widget\" data-widget_type=\"heading.default\">\n\t\t\t\t<div class=\"elementor-widget-container\">\n\t\t\t\t\t<h2 class=\"elementor-heading-title elementor-size-default\">Galletas<\/h2>\t\t\t\t<\/div>\n\t\t\t\t<\/div>\n\t\t\t\t<div class=\"elementor-element elementor-element-4004900 jltma-glass-effect-no elementor-widget elementor-widget-text-editor\" data-id=\"4004900\" data-element_type=\"widget\" data-e-type=\"widget\" data-widget_type=\"text-editor.default\">\n\t\t\t\t<div class=\"elementor-widget-container\">\n\t\t\t\t\t\t\t\t\t<p><em>Las cookies<\/em> son archivos de texto que contienen peque\u00f1as cantidades de informaci\u00f3n y que se descargan en su ordenador o dispositivo m\u00f3vil cuando visita cualquier <em>sitio web<\/em> , lo que permite que su dispositivo sea reconocido.<\/p>\t\t\t\t\t\t\t\t<\/div>\n\t\t\t\t<\/div>\n\t\t\t\t<div class=\"elementor-element elementor-element-23fff1d jltma-glass-effect-no elementor-widget elementor-widget-heading\" data-id=\"23fff1d\" data-element_type=\"widget\" data-e-type=\"widget\" data-widget_type=\"heading.default\">\n\t\t\t\t<div class=\"elementor-widget-container\">\n\t\t\t\t\t<h2 class=\"elementor-heading-title elementor-size-default\">Uso de cookies y tecnolog\u00edas similares<\/h2>\t\t\t\t<\/div>\n\t\t\t\t<\/div>\n\t\t\t\t<div class=\"elementor-element elementor-element-48c34cb jltma-glass-effect-no elementor-widget elementor-widget-text-editor\" data-id=\"48c34cb\" data-element_type=\"widget\" data-e-type=\"widget\" data-widget_type=\"text-editor.default\">\n\t\t\t\t<div class=\"elementor-widget-container\">\n\t\t\t\t\t\t\t\t\t<p><em>Las cookies<\/em> realizan diversas funciones, como permitirte navegar por las p\u00e1ginas de forma eficiente, recordar tus preferencias y, en general, mejorar la experiencia del usuario. Tambi\u00e9n pueden ayudar a garantizar que los anuncios y otros contenidos a los que accedes <em>en l\u00ednea<\/em> sean m\u00e1s relevantes para ti y tus intereses. El uso de <em>cookies<\/em> no recopila informaci\u00f3n que pueda identificar a los visitantes.  <\/p>\t\t\t\t\t\t\t\t<\/div>\n\t\t\t\t<\/div>\n\t\t\t\t<div class=\"elementor-element elementor-element-3356ec9 jltma-glass-effect-no elementor-widget elementor-widget-heading\" data-id=\"3356ec9\" data-element_type=\"widget\" data-e-type=\"widget\" data-widget_type=\"heading.default\">\n\t\t\t\t<div class=\"elementor-widget-container\">\n\t\t\t\t\t<h2 class=\"elementor-heading-title elementor-size-default\">3CON utiliza cookies con fines de marketing y an\u00e1lisis.<\/h2>\t\t\t\t<\/div>\n\t\t\t\t<\/div>\n\t\t\t\t<div class=\"elementor-element elementor-element-51d1e1f jltma-glass-effect-no elementor-widget elementor-widget-text-editor\" data-id=\"51d1e1f\" data-element_type=\"widget\" data-e-type=\"widget\" data-widget_type=\"text-editor.default\">\n\t\t\t\t<div class=\"elementor-widget-container\">\n\t\t\t\t\t\t\t\t\t<p>3CON podr\u00e1 utilizar la informaci\u00f3n recopilada mediante <em>cookies<\/em> para identificar el comportamiento del usuario y proporcionarle contenido y ofertas en funci\u00f3n de su perfil, as\u00ed como para los dem\u00e1s fines que se describen a continuaci\u00f3n, dentro de los l\u00edmites permitidos por la legislaci\u00f3n aplicable.<\/p><p>Algunas <em>cookies<\/em> se clasifican como necesarias y permiten funcionalidades b\u00e1sicas como la seguridad, la gesti\u00f3n de la red y la accesibilidad. Estas <em>cookies<\/em> pueden recopilarse y almacenarse en cuanto empieces a navegar o cuando uses una funci\u00f3n que las requiera. <\/p><p>Algunas de las <em>cookies<\/em> que utilizamos no recopilan informaci\u00f3n que identifique a un visitante, como se muestra a continuaci\u00f3n.<\/p>\t\t\t\t\t\t\t\t<\/div>\n\t\t\t\t<\/div>\n\t\t\t\t<div class=\"elementor-element elementor-element-9ad4fff elementor-icon-list--layout-traditional elementor-list-item-link-full_width jltma-glass-effect-no elementor-widget elementor-widget-icon-list\" data-id=\"9ad4fff\" data-element_type=\"widget\" data-e-type=\"widget\" data-widget_type=\"icon-list.default\">\n\t\t\t\t<div class=\"elementor-widget-container\">\n\t\t\t\t\t\t\t<ul class=\"elementor-icon-list-items\">\n\t\t\t\t\t\t\t<li class=\"elementor-icon-list-item\">\n\t\t\t\t\t\t\t\t\t\t\t<span class=\"elementor-icon-list-icon\">\n\t\t\t\t\t\t\t<svg aria-hidden=\"true\" class=\"e-font-icon-svg e-fas-circle\" viewBox=\"0 0 512 512\" xmlns=\"http:\/\/www.w3.org\/2000\/svg\"><path d=\"M256 8C119 8 8 119 8 256s111 248 248 248 248-111 248-248S393 8 256 8z\"><\/path><\/svg>\t\t\t\t\t\t<\/span>\n\t\t\t\t\t\t\t\t\t\t<span class=\"elementor-icon-list-text\">Estrictamente necesario<\/span>\n\t\t\t\t\t\t\t\t\t<\/li>\n\t\t\t\t\t\t<\/ul>\n\t\t\t\t\t\t<\/div>\n\t\t\t\t<\/div>\n\t\t\t\t<div class=\"elementor-element elementor-element-d7c70b0 jltma-glass-effect-no elementor-widget elementor-widget-text-editor\" data-id=\"d7c70b0\" data-element_type=\"widget\" data-e-type=\"widget\" data-widget_type=\"text-editor.default\">\n\t\t\t\t<div class=\"elementor-widget-container\">\n\t\t\t\t\t\t\t\t\t<p>Al visitar el sitio web de 3CON, cierta informaci\u00f3n se almacenar\u00e1 inmediatamente en su ordenador en forma de cookies esenciales. Estas cookies son fundamentales para el correcto funcionamiento del sitio web, para mejorar su rendimiento y para personalizar el contenido. <\/p><p>Estas cookies son necesarias para el funcionamiento del sitio web y no se pueden desactivar en los sistemas de 3CON. Generalmente, solo se activan en respuesta a acciones que usted realiza y que equivalen a una solicitud de servicios, como configurar sus preferencias de privacidad, iniciar sesi\u00f3n o completar formularios. Puede configurar su navegador para bloquear estas cookies o recibir una alerta, pero algunas partes del sitio web no funcionar\u00e1n correctamente. Estas cookies no almacenan ninguna informaci\u00f3n que permita identificarle personalmente.   <\/p>\t\t\t\t\t\t\t\t<\/div>\n\t\t\t\t<\/div>\n\t\t\t\t<div class=\"elementor-element elementor-element-6279a03 elementor-icon-list--layout-traditional elementor-list-item-link-full_width jltma-glass-effect-no elementor-widget elementor-widget-icon-list\" data-id=\"6279a03\" data-element_type=\"widget\" data-e-type=\"widget\" data-widget_type=\"icon-list.default\">\n\t\t\t\t<div class=\"elementor-widget-container\">\n\t\t\t\t\t\t\t<ul class=\"elementor-icon-list-items\">\n\t\t\t\t\t\t\t<li class=\"elementor-icon-list-item\">\n\t\t\t\t\t\t\t\t\t\t\t<span class=\"elementor-icon-list-icon\">\n\t\t\t\t\t\t\t<svg aria-hidden=\"true\" class=\"e-font-icon-svg e-fas-circle\" viewBox=\"0 0 512 512\" xmlns=\"http:\/\/www.w3.org\/2000\/svg\"><path d=\"M256 8C119 8 8 119 8 256s111 248 248 248 248-111 248-248S393 8 256 8z\"><\/path><\/svg>\t\t\t\t\t\t<\/span>\n\t\t\t\t\t\t\t\t\t\t<span class=\"elementor-icon-list-text\">Actuaci\u00f3n<\/span>\n\t\t\t\t\t\t\t\t\t<\/li>\n\t\t\t\t\t\t<\/ul>\n\t\t\t\t\t\t<\/div>\n\t\t\t\t<\/div>\n\t\t\t\t<div class=\"elementor-element elementor-element-7163a5a jltma-glass-effect-no elementor-widget elementor-widget-text-editor\" data-id=\"7163a5a\" data-element_type=\"widget\" data-e-type=\"widget\" data-widget_type=\"text-editor.default\">\n\t\t\t\t<div class=\"elementor-widget-container\">\n\t\t\t\t\t\t\t\t\t<p>Estas <em>cookies<\/em> recopilan informaci\u00f3n sobre c\u00f3mo los visitantes utilizan un <em>sitio web<\/em> , como las p\u00e1ginas que <em>visitan<\/em> con mayor frecuencia y si reciben mensajes de error. Estas <em>cookies<\/em> no recopilan informaci\u00f3n que identifique a un visitante. Toda la informaci\u00f3n recopilada por estas <em>cookies<\/em> es an\u00f3nima y se utiliza \u00fanicamente para mejorar el funcionamiento del <em>sitio web<\/em> .  <\/p><p>Estas <em>cookies<\/em> permiten a 3CON saber qu\u00e9 p\u00e1ginas son las m\u00e1s y las menos populares. Si no permite estas <em>cookies<\/em> , 3CON no sabr\u00e1 cu\u00e1ndo un usuario ha visitado su sitio. <\/p>\t\t\t\t\t\t\t\t<\/div>\n\t\t\t\t<\/div>\n\t\t\t\t<div class=\"elementor-element elementor-element-0aa4072 elementor-icon-list--layout-traditional elementor-list-item-link-full_width jltma-glass-effect-no elementor-widget elementor-widget-icon-list\" data-id=\"0aa4072\" data-element_type=\"widget\" data-e-type=\"widget\" data-widget_type=\"icon-list.default\">\n\t\t\t\t<div class=\"elementor-widget-container\">\n\t\t\t\t\t\t\t<ul class=\"elementor-icon-list-items\">\n\t\t\t\t\t\t\t<li class=\"elementor-icon-list-item\">\n\t\t\t\t\t\t\t\t\t\t\t<span class=\"elementor-icon-list-icon\">\n\t\t\t\t\t\t\t<svg aria-hidden=\"true\" class=\"e-font-icon-svg e-fas-circle\" viewBox=\"0 0 512 512\" xmlns=\"http:\/\/www.w3.org\/2000\/svg\"><path d=\"M256 8C119 8 8 119 8 256s111 248 248 248 248-111 248-248S393 8 256 8z\"><\/path><\/svg>\t\t\t\t\t\t<\/span>\n\t\t\t\t\t\t\t\t\t\t<span class=\"elementor-icon-list-text\">Funcional<\/span>\n\t\t\t\t\t\t\t\t\t<\/li>\n\t\t\t\t\t\t<\/ul>\n\t\t\t\t\t\t<\/div>\n\t\t\t\t<\/div>\n\t\t\t\t<div class=\"elementor-element elementor-element-3a03762 jltma-glass-effect-no elementor-widget elementor-widget-text-editor\" data-id=\"3a03762\" data-element_type=\"widget\" data-e-type=\"widget\" data-widget_type=\"text-editor.default\">\n\t\t\t\t<div class=\"elementor-widget-container\">\n\t\t\t\t\t\t\t\t\t<p>Adem\u00e1s, se pueden usar <em>cookies<\/em> para mejorar su visita. <em>Las cookies<\/em> funcionales registran la configuraci\u00f3n espec\u00edfica que haya aplicado y\/o las respuestas a <em>cuestionarios<\/em> y evaluaciones.<\/p>\t\t\t\t\t\t\t\t<\/div>\n\t\t\t\t<\/div>\n\t\t\t\t<div class=\"elementor-element elementor-element-770f71f jltma-glass-effect-no elementor-widget elementor-widget-heading\" data-id=\"770f71f\" data-element_type=\"widget\" data-e-type=\"widget\" data-widget_type=\"heading.default\">\n\t\t\t\t<div class=\"elementor-widget-container\">\n\t\t\t\t\t<h2 class=\"elementor-heading-title elementor-size-default\">Deshabilitar las cookies<\/h2>\t\t\t\t<\/div>\n\t\t\t\t<\/div>\n\t\t\t\t<div class=\"elementor-element elementor-element-b3d579f jltma-glass-effect-no elementor-widget elementor-widget-text-editor\" data-id=\"b3d579f\" data-element_type=\"widget\" data-e-type=\"widget\" data-widget_type=\"text-editor.default\">\n\t\t\t\t<div class=\"elementor-widget-container\">\n\t\t\t\t\t\t\t\t\t<p>Si no desea que se instalen <em>cookies<\/em> adicionales en su ordenador, adem\u00e1s de las descritas anteriormente como <em>cookies<\/em> estrictamente necesarias, no podr\u00e1 utilizar el <em>sitio web<\/em> de 3CON.<\/p><p>Para eliminar cualquiera de las <em>cookies<\/em> estrictamente necesarias que ya se hayan colocado en su ordenador, puede eliminarlas de su disco duro siguiendo las instrucciones de su navegador:<\/p>\t\t\t\t\t\t\t\t<\/div>\n\t\t\t\t<\/div>\n\t\t<div class=\"has_eae_slider elementor-element elementor-element-b09bb05 e-grid e-con-full jltma-glass-effect-no wpr-particle-no wpr-jarallax-no wpr-parallax-no wpr-sticky-section-no wpr-equal-height-no e-con e-child\" data-eae-slider=\"50048\" data-id=\"b09bb05\" data-element_type=\"container\" data-e-type=\"container\">\n\t\t\t\t<div class=\"elementor-element elementor-element-ae3ac0d elementor-position-top jltma-glass-effect-no elementor-widget elementor-widget-image-box\" data-id=\"ae3ac0d\" data-element_type=\"widget\" data-e-type=\"widget\" data-widget_type=\"image-box.default\">\n\t\t\t\t<div class=\"elementor-widget-container\">\n\t\t\t\t\t<div class=\"elementor-image-box-wrapper\"><figure class=\"elementor-image-box-img\"><a href=\"https:\/\/support.google.com\/accounts\/answer\/32050?co=GENIE.Platform%3DDesktop&#038;hl=pt-BR\" target=\"_blank\" tabindex=\"-1\"><img decoding=\"async\" width=\"100\" height=\"100\" data-src=\"https:\/\/trescon.com.br\/wp-content\/uploads\/2025\/10\/logo-navegador-google-chrome.png\" class=\"attachment-full size-full wp-image-5113 lazyload\" alt=\"\" src=\"data:image\/svg+xml;base64,PHN2ZyB3aWR0aD0iMSIgaGVpZ2h0PSIxIiB4bWxucz0iaHR0cDovL3d3dy53My5vcmcvMjAwMC9zdmciPjwvc3ZnPg==\" style=\"--smush-placeholder-width: 100px; --smush-placeholder-aspect-ratio: 100\/100;\" \/><\/a><\/figure><div class=\"elementor-image-box-content\"><h3 class=\"elementor-image-box-title\"><a href=\"https:\/\/support.google.com\/accounts\/answer\/32050?co=GENIE.Platform%3DDesktop&#038;hl=pt-BR\" target=\"_blank\">Google Chrome<\/a><\/h3><\/div><\/div>\t\t\t\t<\/div>\n\t\t\t\t<\/div>\n\t\t\t\t<div class=\"elementor-element elementor-element-3374e2b elementor-position-top jltma-glass-effect-no elementor-widget elementor-widget-image-box\" data-id=\"3374e2b\" data-element_type=\"widget\" data-e-type=\"widget\" data-widget_type=\"image-box.default\">\n\t\t\t\t<div class=\"elementor-widget-container\">\n\t\t\t\t\t<div class=\"elementor-image-box-wrapper\"><figure class=\"elementor-image-box-img\"><a href=\"https:\/\/support.mozilla.org\/pt-BR\/kb\/limpe-cookies-e-dados-de-sites-no-firefox\" target=\"_blank\" tabindex=\"-1\"><img decoding=\"async\" width=\"100\" height=\"100\" data-src=\"https:\/\/trescon.com.br\/wp-content\/uploads\/2025\/10\/logo-navegador-firefox.png\" class=\"attachment-full size-full wp-image-5112 lazyload\" alt=\"\" src=\"data:image\/svg+xml;base64,PHN2ZyB3aWR0aD0iMSIgaGVpZ2h0PSIxIiB4bWxucz0iaHR0cDovL3d3dy53My5vcmcvMjAwMC9zdmciPjwvc3ZnPg==\" style=\"--smush-placeholder-width: 100px; --smush-placeholder-aspect-ratio: 100\/100;\" \/><\/a><\/figure><div class=\"elementor-image-box-content\"><h3 class=\"elementor-image-box-title\"><a href=\"https:\/\/support.mozilla.org\/pt-BR\/kb\/limpe-cookies-e-dados-de-sites-no-firefox\" target=\"_blank\">Firefox<\/a><\/h3><\/div><\/div>\t\t\t\t<\/div>\n\t\t\t\t<\/div>\n\t\t\t\t<div class=\"elementor-element elementor-element-193d268 elementor-position-top jltma-glass-effect-no elementor-widget elementor-widget-image-box\" data-id=\"193d268\" data-element_type=\"widget\" data-e-type=\"widget\" data-widget_type=\"image-box.default\">\n\t\t\t\t<div class=\"elementor-widget-container\">\n\t\t\t\t\t<div class=\"elementor-image-box-wrapper\"><figure class=\"elementor-image-box-img\"><a href=\"https:\/\/support.microsoft.com\/pt-br\/microsoft-edge\/excluir-cookies-no-microsoft-edge-63947406-40ac-c3b8-57b9-2a946a29ae09\" target=\"_blank\" tabindex=\"-1\"><img decoding=\"async\" width=\"100\" height=\"100\" data-src=\"https:\/\/trescon.com.br\/wp-content\/uploads\/2025\/10\/logo-navegador-microsoft-edge.png\" class=\"attachment-full size-full wp-image-5110 lazyload\" alt=\"\" src=\"data:image\/svg+xml;base64,PHN2ZyB3aWR0aD0iMSIgaGVpZ2h0PSIxIiB4bWxucz0iaHR0cDovL3d3dy53My5vcmcvMjAwMC9zdmciPjwvc3ZnPg==\" style=\"--smush-placeholder-width: 100px; --smush-placeholder-aspect-ratio: 100\/100;\" \/><\/a><\/figure><div class=\"elementor-image-box-content\"><h3 class=\"elementor-image-box-title\"><a href=\"https:\/\/support.microsoft.com\/pt-br\/microsoft-edge\/excluir-cookies-no-microsoft-edge-63947406-40ac-c3b8-57b9-2a946a29ae09\" target=\"_blank\">Microsoft Edge<\/a><\/h3><\/div><\/div>\t\t\t\t<\/div>\n\t\t\t\t<\/div>\n\t\t\t\t<div class=\"elementor-element elementor-element-2cabb64 elementor-position-top jltma-glass-effect-no elementor-widget elementor-widget-image-box\" data-id=\"2cabb64\" data-element_type=\"widget\" data-e-type=\"widget\" data-widget_type=\"image-box.default\">\n\t\t\t\t<div class=\"elementor-widget-container\">\n\t\t\t\t\t<div class=\"elementor-image-box-wrapper\"><figure class=\"elementor-image-box-img\"><a href=\"https:\/\/support.microsoft.com\/pt-br\/topic\/excluir-e-gerenciar-cookies-168dab11-0753-043d-7c16-ede5947fc64d\" target=\"_blank\" tabindex=\"-1\"><img decoding=\"async\" width=\"100\" height=\"100\" data-src=\"https:\/\/trescon.com.br\/wp-content\/uploads\/2025\/10\/logo-navegador-internet-explorer.png\" class=\"attachment-full size-full wp-image-5109 lazyload\" alt=\"\" src=\"data:image\/svg+xml;base64,PHN2ZyB3aWR0aD0iMSIgaGVpZ2h0PSIxIiB4bWxucz0iaHR0cDovL3d3dy53My5vcmcvMjAwMC9zdmciPjwvc3ZnPg==\" style=\"--smush-placeholder-width: 100px; --smush-placeholder-aspect-ratio: 100\/100;\" \/><\/a><\/figure><div class=\"elementor-image-box-content\"><h3 class=\"elementor-image-box-title\"><a href=\"https:\/\/support.microsoft.com\/pt-br\/topic\/excluir-e-gerenciar-cookies-168dab11-0753-043d-7c16-ede5947fc64d\" target=\"_blank\">Internet Explorer<\/a><\/h3><\/div><\/div>\t\t\t\t<\/div>\n\t\t\t\t<\/div>\n\t\t\t\t<div class=\"elementor-element elementor-element-39479e2 elementor-position-top jltma-glass-effect-no elementor-widget elementor-widget-image-box\" data-id=\"39479e2\" data-element_type=\"widget\" data-e-type=\"widget\" data-widget_type=\"image-box.default\">\n\t\t\t\t<div class=\"elementor-widget-container\">\n\t\t\t\t\t<div class=\"elementor-image-box-wrapper\"><figure class=\"elementor-image-box-img\"><a href=\"https:\/\/support.apple.com\/pt-br\/guide\/safari\/sfri11471\/mac\" target=\"_blank\" tabindex=\"-1\"><img decoding=\"async\" width=\"100\" height=\"100\" data-src=\"https:\/\/trescon.com.br\/wp-content\/uploads\/2025\/10\/logo-navegador-safari.png\" class=\"attachment-full size-full wp-image-5111 lazyload\" alt=\"\" src=\"data:image\/svg+xml;base64,PHN2ZyB3aWR0aD0iMSIgaGVpZ2h0PSIxIiB4bWxucz0iaHR0cDovL3d3dy53My5vcmcvMjAwMC9zdmciPjwvc3ZnPg==\" style=\"--smush-placeholder-width: 100px; --smush-placeholder-aspect-ratio: 100\/100;\" \/><\/a><\/figure><div class=\"elementor-image-box-content\"><h3 class=\"elementor-image-box-title\"><a href=\"https:\/\/support.apple.com\/pt-br\/guide\/safari\/sfri11471\/mac\" target=\"_blank\">Safari<\/a><\/h3><\/div><\/div>\t\t\t\t<\/div>\n\t\t\t\t<\/div>\n\t\t\t\t<\/div>\n\t\t\t\t<div class=\"elementor-element elementor-element-8a35eca jltma-glass-effect-no elementor-widget elementor-widget-text-editor\" data-id=\"8a35eca\" data-element_type=\"widget\" data-e-type=\"widget\" data-widget_type=\"text-editor.default\">\n\t\t\t\t<div class=\"elementor-widget-container\">\n\t\t\t\t\t\t\t\t\t<p>Si tiene alguna pregunta, llame al: +55 11 3509 1900<\/p><p>Enviar un correo electr\u00f3nico a <span style=\"color: #3366ff;\"><strong><a style=\"color: #3366ff;\" href=\"mailto:seginfo@antigo.trescon.com.br\">seginfo@trescon.com.br<\/a><\/strong><\/span><\/p><p>o env\u00ede su correspondencia a:<\/p><p>3CON Consultor\u00eda y Sistemas SA<\/p><p>Alameda Campinas, 579 \u2013 10\u00b0 piso \u2013 Jardim Paulista \u2013 01404-100 \u2013 S\u00e3o Paulo \u2013 SP<\/p>\t\t\t\t\t\t\t\t<\/div>\n\t\t\t\t<\/div>\n\t\t\t\t\t<\/div>\n\t\t\t\t<\/div>\n\t\t\t\t<\/div>\n\t\t","protected":false},"excerpt":{"rendered":"<p>Pol\u00edtica de cookies Al utilizar el sitio web de 3CON, tenga en cuenta que se pueden instalar cookies y otras tecnolog\u00edas similares en sus equipos, incluidos los dispositivos m\u00f3viles, de acuerdo con su consentimiento al gestor de consentimiento de cookies de 3CON. Galletas Las cookies son archivos de texto que contienen peque\u00f1as cantidades de informaci\u00f3n y que se descargan en su ordenador o dispositivo m\u00f3vil cuando visita cualquier sitio web , lo que permite que su dispositivo sea reconocido. Uso de cookies y tecnolog\u00edas similares Las cookies realizan diversas funciones, como permitirte navegar por las p\u00e1ginas de forma eficiente, recordar tus preferencias y, en general, mejorar la experiencia del usuario. Tambi\u00e9n pueden ayudar a garantizar que los anuncios y otros contenidos a los que accedes en l\u00ednea sean m\u00e1s relevantes para ti y tus intereses. El uso de cookies no recopila informaci\u00f3n que pueda identificar a los visitantes. 3CON utiliza cookies con fines de marketing y an\u00e1lisis. 3CON podr\u00e1 utilizar la informaci\u00f3n recopilada mediante cookies para identificar el comportamiento del usuario y proporcionarle contenido y ofertas en funci\u00f3n de su perfil, as\u00ed como para los dem\u00e1s fines que se describen a continuaci\u00f3n, dentro de los l\u00edmites permitidos por la legislaci\u00f3n aplicable. Algunas cookies se clasifican como necesarias y permiten funcionalidades b\u00e1sicas como la seguridad, la gesti\u00f3n de la red y la accesibilidad. Estas cookies pueden recopilarse y almacenarse en cuanto empieces a navegar o cuando uses una funci\u00f3n que las requiera. Algunas de las cookies que utilizamos no recopilan informaci\u00f3n que identifique a un visitante, como se muestra a continuaci\u00f3n. Estrictamente necesario Al visitar el sitio web de 3CON, cierta informaci\u00f3n se almacenar\u00e1 inmediatamente en su ordenador en forma de cookies esenciales. Estas cookies son fundamentales para el correcto funcionamiento del sitio web, para mejorar su rendimiento y para personalizar el contenido. Estas cookies son necesarias para el funcionamiento del sitio web y no se pueden desactivar en los sistemas de 3CON. Generalmente, solo se activan en respuesta a acciones que usted realiza y que equivalen a una solicitud de servicios, como configurar sus preferencias de privacidad, iniciar sesi\u00f3n o completar formularios. Puede configurar su navegador para bloquear estas cookies o recibir una alerta, pero algunas partes del sitio web no funcionar\u00e1n correctamente. Estas cookies no almacenan ninguna informaci\u00f3n que permita identificarle personalmente. Actuaci\u00f3n Estas cookies recopilan informaci\u00f3n sobre c\u00f3mo los visitantes utilizan un sitio web , como las p\u00e1ginas que visitan con mayor frecuencia y si reciben mensajes de error. Estas cookies no recopilan informaci\u00f3n que identifique a un visitante. Toda la informaci\u00f3n recopilada por estas cookies es an\u00f3nima y se utiliza \u00fanicamente para mejorar el funcionamiento del sitio web . Estas cookies permiten a 3CON saber qu\u00e9 p\u00e1ginas son las m\u00e1s y las menos populares. Si no permite estas cookies , 3CON no sabr\u00e1 cu\u00e1ndo un usuario ha visitado su sitio. Funcional Adem\u00e1s, se pueden usar cookies para mejorar su visita. Las cookies funcionales registran la configuraci\u00f3n espec\u00edfica que haya aplicado y\/o las respuestas a cuestionarios y evaluaciones. Deshabilitar las cookies Si no desea que se instalen cookies adicionales en su ordenador, adem\u00e1s de las descritas anteriormente como cookies estrictamente necesarias, no podr\u00e1 utilizar el sitio web de 3CON. Para eliminar cualquiera de las cookies estrictamente necesarias que ya se hayan colocado en su ordenador, puede eliminarlas de su disco duro siguiendo las instrucciones de su navegador: Google Chrome Firefox Microsoft Edge Internet Explorer Safari Si tiene alguna pregunta, llame al: +55 11 3509 1900 Enviar un correo electr\u00f3nico a seginfo@trescon.com.br o env\u00ede su correspondencia a: 3CON Consultor\u00eda y Sistemas SA Alameda Campinas, 579 \u2013 10\u00b0 piso \u2013 Jardim Paulista \u2013 01404-100 \u2013 S\u00e3o Paulo \u2013 SP<\/p>\n","protected":false},"author":1,"featured_media":0,"parent":0,"menu_order":0,"comment_status":"closed","ping_status":"closed","template":"elementor_canvas","meta":{"footnotes":""},"class_list":["post-5107","page","type-page","status-publish","hentry"],"aioseo_notices":[],"_links":{"self":[{"href":"https:\/\/trescon.com.br\/es\/wp-json\/wp\/v2\/pages\/5107","targetHints":{"allow":["GET"]}}],"collection":[{"href":"https:\/\/trescon.com.br\/es\/wp-json\/wp\/v2\/pages"}],"about":[{"href":"https:\/\/trescon.com.br\/es\/wp-json\/wp\/v2\/types\/page"}],"author":[{"embeddable":true,"href":"https:\/\/trescon.com.br\/es\/wp-json\/wp\/v2\/users\/1"}],"replies":[{"embeddable":true,"href":"https:\/\/trescon.com.br\/es\/wp-json\/wp\/v2\/comments?post=5107"}],"version-history":[{"count":3,"href":"https:\/\/trescon.com.br\/es\/wp-json\/wp\/v2\/pages\/5107\/revisions"}],"predecessor-version":[{"id":5148,"href":"https:\/\/trescon.com.br\/es\/wp-json\/wp\/v2\/pages\/5107\/revisions\/5148"}],"wp:attachment":[{"href":"https:\/\/trescon.com.br\/es\/wp-json\/wp\/v2\/media?parent=5107"}],"curies":[{"name":"wp","href":"https:\/\/api.w.org\/{rel}","templated":true}]}}